{"id":62672,"date":"2025-09-17T12:39:44","date_gmt":"2025-09-17T10:39:44","guid":{"rendered":"https:\/\/tecnolawyer.com\/politica-de-cookies-2\/"},"modified":"2025-09-17T12:42:18","modified_gmt":"2025-09-17T10:42:18","slug":"politica-de-cookies-2","status":"publish","type":"page","link":"https:\/\/tecnolawyer.com\/es\/politica-de-cookies-2\/","title":{"rendered":"Pol\u00edtica de cookies"},"content":{"rendered":"\t\t<div data-elementor-type=\"wp-page\" data-elementor-id=\"62672\" class=\"elementor elementor-62672 elementor-62656\" data-elementor-post-type=\"page\">\n\t\t\t\t\t\t<section class=\"elementor-section elementor-top-section elementor-element elementor-element-d849ab5 elementor-section-boxed elementor-section-height-default elementor-section-height-default\" data-id=\"d849ab5\" data-element_type=\"section\" data-e-type=\"section\">\n\t\t\t\t\t\t<div class=\"elementor-container elementor-column-gap-default\">\n\t\t\t\t\t<div class=\"elementor-column elementor-col-100 elementor-top-column elementor-element elementor-element-1a4e38e\" data-id=\"1a4e38e\" data-element_type=\"column\" data-e-type=\"column\">\n\t\t\t<div class=\"elementor-widget-wrap elementor-element-populated\">\n\t\t\t\t\t\t<div class=\"elementor-element elementor-element-03191ca elementor-widget elementor-widget-text-editor\" data-id=\"03191ca\" data-element_type=\"widget\" data-e-type=\"widget\" data-widget_type=\"text-editor.default\">\n\t\t\t\t<div class=\"elementor-widget-container\">\n\t\t\t\t\t\t\t\t\t<p>Conforme con la Ley 34\/2002, de 11 de julio, de servicios de la sociedad de la informaci\u00f3n y de comercio electr\u00f3nico (LSSICE), en relaci\u00f3n con el Reglamento (UE) 2016\/679 del Parlamento Europeo y del Consejo, de 27 de abril de 2016, General de Protecci\u00f3n de Datos (RGPD) y la Ley Org\u00e1nica 3\/2018, de 5 de diciembre, de Protecci\u00f3n de Datos y Garant\u00eda de los Derechos Digitales (LOPDGDD), es obligado obtener el consentimiento expreso del usuario de todas las p\u00e1ginas web que usan <em>cookies<\/em> prescindibles, antes de que este navegue por ellas.<\/p><br><p>En este sitio web, algunas <em>cookies<\/em> y tecnolog\u00edas de seguimiento pueden habilitar el funcionamiento de sistemas de inteligencia artificial para ofrecer servicios como personalizaci\u00f3n de contenidos, recomendaciones autom\u00e1ticas, an\u00e1lisis predictivos de intereses o segmentaci\u00f3n en campa\u00f1as. Estos tratamientos se realizan siempre con base jur\u00eddica adecuada y con consentimiento previo e informado del usuario.<\/p><br><p><strong>\u00bfQU\u00c9 SON LAS <em>COOKIES<\/em>?<\/strong><\/p><br><p>Las <em>cookies<\/em> y otras tecnolog\u00edas similares tales como <em>local shared objects<\/em>, <em>flash cookies<\/em> o p\u00edxeles, son herramientas empleadas por los servidores Web para almacenar y recuperar informaci\u00f3n acerca de sus visitantes, as\u00ed como para ofrecer un correcto funcionamiento del sitio.<\/p><br><p>Mediante el uso de estos dispositivos, se permite al servidor Web recordar algunos datos concernientes al usuario, como sus preferencias para la visualizaci\u00f3n de las p\u00e1ginas de ese servidor, nombre y contrase\u00f1a, productos que m\u00e1s le interesan, etc.<\/p><br><p><strong><em>COOKIES<\/em><\/strong><strong> AFECTADAS POR LA NORMATIVA Y COOKIES EXCEPTUADAS<\/strong><\/p><br><p>Seg\u00fan la directiva de la UE, las <em>cookies<\/em> que requieren el consentimiento informado por parte del usuario son las <em>cookies<\/em> de anal\u00edtica y las de publicidad y afiliaci\u00f3n, quedando exceptuadas las de car\u00e1cter t\u00e9cnico y las necesarias para el funcionamiento del sitio web o la prestaci\u00f3n de servicios expresamente solicitados por el usuario.<\/p><br><p>Cuando las <em>cookies<\/em>, aun no siendo estrictamente t\u00e9cnicas, activen algoritmos o modelos de IA, se considerar\u00e1n prescindibles y requerir\u00e1n siempre consentimiento informado, incluso aunque su finalidad sea mejorar la experiencia de usuario.<\/p><br><p><strong>TIPOS DE COOKIES<\/strong><\/p><br><p><em>SEG\u00daN LA FINALIDAD<\/em><\/p><br><ul>\r\n\t<li><strong><em>Cookies<\/em><\/strong><strong> t\u00e9cnicas y funcionales<\/strong>: son aquellas que permiten al usuario la navegaci\u00f3n a trav\u00e9s de una p\u00e1gina web, plataforma o aplicaci\u00f3n y la utilizaci\u00f3n de las diferentes opciones o servicios que en ella existan.<\/li>\r\n\t<li><strong><em>Cookies<\/em><\/strong><strong> anal\u00edticas<\/strong>: son aquellas que permiten al responsable de las mismas el seguimiento y an\u00e1lisis del comportamiento de los usuarios de los sitios web a los que est\u00e1n vinculadas. La informaci\u00f3n recogida mediante este tipo de <em>cookies<\/em> se utiliza en la medici\u00f3n de la actividad de los sitios web, aplicaci\u00f3n o plataforma y para la elaboraci\u00f3n de perfiles de navegaci\u00f3n de los usuarios de dichos sitios, aplicaciones y plataformas, con el fin de introducir mejoras en funci\u00f3n del an\u00e1lisis de los datos de uso que hacen los usuarios del servicio.<\/li>\r\n<\/ul><br><p>Si la anal\u00edtica utiliza herramientas de IA para detectar patrones complejos o previsiones, se informar\u00e1 en la tabla de <em>cookies<\/em> y se recabar\u00e1 consentimiento espec\u00edfico.<\/p><br><ul>\r\n\t<li><strong><em>Cookies<\/em><\/strong><strong> publicitarias<\/strong>: son aquellas que permiten la gesti\u00f3n, de la forma m\u00e1s eficaz posible, de los espacios publicitarios que, en su caso, el editor haya incluido en una p\u00e1gina web, aplicaci\u00f3n o plataforma desde la que presta el servicio solicitado en base a criterios como el contenido editado o la frecuencia en la que se muestran los anuncios.<\/li>\r\n\t<li><strong><em>Cookies<\/em><\/strong><strong> de publicidad comportamental<\/strong>: recogen informaci\u00f3n sobre las preferencias y elecciones personales del usuario (<em>retargeting<\/em>) para permitir la gesti\u00f3n, de la forma m\u00e1s eficaz posible, de los espacios publicitarios que, en su caso, el editor haya incluido en una p\u00e1gina web, aplicaci\u00f3n o plataforma desde la que presta el servicio solicitado.<\/li>\r\n<\/ul><br><p>Cuando intervengan sistemas de IA para inferir intereses o elaborar perfiles complejos, el usuario ser\u00e1 informado de que estas cookies pueden originar decisiones automatizadas, pudiendo ejercer sus derechos de oposici\u00f3n y revisi\u00f3n humana.<\/p><br><ul>\r\n\t<li><strong><em>Cookies<\/em><\/strong><strong> sociales<\/strong>: son establecidas por las plataformas de redes sociales en los servicios para permitirle compartir contenido con sus amigos y redes. Las plataformas de medios sociales tienen la capacidad de rastrear su actividad en l\u00ednea fuera de los Servicios. Esto puede afectar al contenido y los mensajes que ve en otros servicios que visita.<\/li>\r\n\t<li><strong><em>Cookies<\/em><\/strong><strong> de afiliados<\/strong>: permiten hacer un seguimiento de las visitas procedentes de otras webs, con las que el sitio web establece un contrato de afiliaci\u00f3n (empresas de afiliaci\u00f3n).<\/li>\r\n\t<li><strong><em>Cookies<\/em><\/strong><strong> de seguridad<\/strong>: almacenan informaci\u00f3n cifrada para evitar que los datos guardados en ellas sean vulnerables a ataques maliciosos de terceros.<\/li>\r\n<\/ul><br><p><em>SEG\u00daN LA PROPIEDAD<\/em><\/p><br><ul>\r\n\t<li><strong><em>Cookies<\/em><\/strong><strong> propias<\/strong>: son aquellas que se env\u00edan al equipo terminal del usuario desde un equipo o dominio gestionado por el propio editor y desde el que se presta el servicio solicitado por el usuario.<\/li>\r\n\t<li><strong><em>Cookies<\/em><\/strong><strong> de terceros<\/strong>: son aquellas que se env\u00edan al equipo terminal del usuario desde un equipo o dominio que no es gestionado por el editor, sino por otra entidad que trata los datos obtenidos trav\u00e9s de las <em>cookies<\/em>.<\/li>\r\n<\/ul><br><p><em>SEG\u00daN EL PLAZO DE CONSERVACI\u00d3N<\/em><\/p><br><ul>\r\n\t<li><strong><em>Cookies<\/em><\/strong><strong> de sesi\u00f3n<\/strong>: son un tipo de <em>cookies<\/em> dise\u00f1adas para recabar y almacenar datos mientras el usuario accede a una p\u00e1gina web.<\/li>\r\n\t<li><strong><em>Cookies<\/em><\/strong><strong> persistentes<\/strong>: son un tipo de <em>cookies<\/em> en el que los datos siguen almacenados en el terminal y pueden ser accedidos y tratados durante un per\u00edodo definido por el responsable de la <em>cookie<\/em>, y que puede ir de unos minutos a varios a\u00f1os.<\/li>\r\n<\/ul><br><p><strong>TRATAMIENTO DE DATOS PERSONALES<\/strong><\/p><br><p>Tecnolawyer es el Responsable del tratamiento de los datos personales del Interesado y le informa de que estos datos ser\u00e1n tratados de conformidad con lo dispuesto en el Reglamento (UE) 2016\/679, de 27 de abril de 2016 (RGPD), por lo que se le facilita la siguiente informaci\u00f3n del tratamiento:<\/p><br><p>Cuando las <em>cookies<\/em> permitan el tratamiento de datos personales mediante IA:<\/p><br><ul>\r\n\t<li>Se adoptar\u00e1n medidas para garantizar la minimizaci\u00f3n de datos.<\/li>\r\n\t<li>Se realizar\u00e1 una Evaluaci\u00f3n de Impacto en Protecci\u00f3n de Datos si las <em>cookies<\/em>\/IA pueden afectar significativamente a los derechos de los usuarios.<\/li>\r\n\t<li>Siempre existir\u00e1 la opci\u00f3n de desactivar estas <em>cookies<\/em> sin que ello condicione el acceso a los contenidos esenciales de la web.<\/li>\r\n<\/ul><br><p><strong>Fines del tratamiento<\/strong>: seg\u00fan se especifica en el apartado de <em>cookies<\/em> que se utilizan en este sitio web. Cuando se utilicen <em>cookies<\/em> para alimentar o mejorar sistemas de IA, se indicar\u00e1 expresamente en la tabla de cookies, junto con el proveedor, finalidad exacta y si se realizan transferencias internacionales.<\/p><br><p><strong>Legitimaci\u00f3n del tratamiento<\/strong>: salvo en los casos en los que resulte necesario para la navegaci\u00f3n por la web, por consentimiento del interesado (art. 6.1.a RGPD).<\/p><br><p>Determinadas <em>cookies<\/em> activadoras de IA se instalar\u00e1n \u00fanicamente con consentimiento expl\u00edcito (art. 6.1.a RGPD), no quedando amparadas por el inter\u00e9s leg\u00edtimo salvo que sean puramente t\u00e9cnicas y necesarias.<\/p><br><p><strong>Criterios de conservaci\u00f3n de los datos<\/strong>: seg\u00fan se especifica en el apartado de <em>cookies<\/em> utilizadas en la web.<\/p><br><p><strong>Comunicaci\u00f3n de los datos<\/strong>: no se comunicar\u00e1n los datos a terceros, excepto en <em>cookies<\/em> propiedad de terceros o por obligaci\u00f3n legal.<\/p><br><p>Algunas <em>cookies<\/em> de terceros pueden corresponder a proveedores de tecnolog\u00edas de IA situados fuera del EEE; en tal caso se aplicar\u00e1n garant\u00edas adecuadas (cl\u00e1usulas tipo, decisiones de adecuaci\u00f3n\u2026).<\/p><br><p><strong>Derechos que asisten al Interesado<\/strong>:<\/p><br><ul>\r\n\t<li>Derecho a retirar el consentimiento en cualquier momento.<\/li>\r\n\t<li>Derecho de acceso, rectificaci\u00f3n, portabilidad y supresi\u00f3n de sus datos, y de limitaci\u00f3n u oposici\u00f3n a su tratamiento.<\/li>\r\n\t<li>Saber si sus datos de <em>cookies<\/em> han sido procesados por sistemas de IA para perfilado o recomendaciones.<\/li>\r\n\t<li>Oponerse a dicho tratamiento y solicitar que cualquier decisi\u00f3n que le afecte significativamente sea revisada por una persona.<\/li>\r\n\t<li>Derecho a presentar una reclamaci\u00f3n ante la Autoridad de control (www.aepd.es) si considera que el tratamiento no se ajusta a la normativa vigente.<\/li>\r\n<\/ul><br><p>Datos de contacto para ejercer sus derechos: <a href=\"mailto:rgpd@tecnlawyer.com\" target=\"_blank\" rel=\"noopener\">rgpd@tecnolawyer.com<\/a><\/p><br><p><i><span style=\"font-size: 14px;\">Versi\u00f3n 2.2 02\/04\/2025<\/span><\/i><\/p>\t\t\t\t\t\t\t\t<\/div>\n\t\t\t\t<\/div>\n\t\t\t\t\t<\/div>\n\t\t<\/div>\n\t\t\t\t\t<\/div>\n\t\t<\/section>\n\t\t\t\t<\/div>\n\t\t","protected":false},"excerpt":{"rendered":"<p>Conforme con la Ley 34\/2002, de 11 de julio, de servicios de la sociedad de la informaci\u00f3n y de comercio ... <a title=\"Pol\u00edtica de cookies\" class=\"read-more\" href=\"https:\/\/tecnolawyer.com\/es\/politica-de-cookies-2\/\" aria-label=\"Leer m\u00e1s sobre Pol\u00edtica de cookies\">Leer m\u00e1s<\/a><\/p>\n","protected":false},"author":2,"featured_media":0,"parent":0,"menu_order":0,"comment_status":"closed","ping_status":"closed","template":"","meta":{"inline_featured_image":false,"generate_page_header":"","footnotes":""},"class_list":["post-62672","page","type-page","status-publish"],"_links":{"self":[{"href":"https:\/\/tecnolawyer.com\/es\/wp-json\/wp\/v2\/pages\/62672","targetHints":{"allow":["GET"]}}],"collection":[{"href":"https:\/\/tecnolawyer.com\/es\/wp-json\/wp\/v2\/pages"}],"about":[{"href":"https:\/\/tecnolawyer.com\/es\/wp-json\/wp\/v2\/types\/page"}],"author":[{"embeddable":true,"href":"https:\/\/tecnolawyer.com\/es\/wp-json\/wp\/v2\/users\/2"}],"replies":[{"embeddable":true,"href":"https:\/\/tecnolawyer.com\/es\/wp-json\/wp\/v2\/comments?post=62672"}],"version-history":[{"count":0,"href":"https:\/\/tecnolawyer.com\/es\/wp-json\/wp\/v2\/pages\/62672\/revisions"}],"wp:attachment":[{"href":"https:\/\/tecnolawyer.com\/es\/wp-json\/wp\/v2\/media?parent=62672"}],"curies":[{"name":"wp","href":"https:\/\/api.w.org\/{rel}","templated":true}]}}