{"id":50368,"date":"2019-05-31T09:40:02","date_gmt":"2019-05-31T07:40:02","guid":{"rendered":"https:\/\/tecnolawyer.com\/politica-de-privacidad\/"},"modified":"2025-09-17T13:12:58","modified_gmt":"2025-09-17T11:12:58","slug":"politica-de-privacidad","status":"publish","type":"page","link":"https:\/\/tecnolawyer.com\/es\/politica-de-privacidad\/","title":{"rendered":"Pol\u00edtica de privacidad"},"content":{"rendered":"\t\t<div data-elementor-type=\"wp-post\" data-elementor-id=\"50368\" class=\"elementor elementor-50368 elementor-24802\" data-elementor-post-type=\"page\">\n\t\t\t\t\t\t<section class=\"elementor-section elementor-top-section elementor-element elementor-element-28c63b65 elementor-section-boxed elementor-section-height-default elementor-section-height-default\" data-id=\"28c63b65\" data-element_type=\"section\" data-e-type=\"section\">\n\t\t\t\t\t\t<div class=\"elementor-container elementor-column-gap-default\">\n\t\t\t\t\t<div class=\"elementor-column elementor-col-100 elementor-top-column elementor-element elementor-element-49e15ac3\" data-id=\"49e15ac3\" data-element_type=\"column\" data-e-type=\"column\">\n\t\t\t<div class=\"elementor-widget-wrap elementor-element-populated\">\n\t\t\t\t\t\t<div class=\"elementor-element elementor-element-4b20ac43 elementor-widget elementor-widget-text-editor\" data-id=\"4b20ac43\" data-element_type=\"widget\" data-e-type=\"widget\" data-widget_type=\"text-editor.default\">\n\t\t\t\t<div class=\"elementor-widget-container\">\n\t\t\t\t\t\t\t\t\t<p style=\"text-align: justify;\"><span style=\"font-size: 24px; color: #31a6c6;\"><b>POL\u00cdTICA DE PRIVACIDAD<\/b><\/span><\/p><br><ol>\r\n\t<li><strong> INFORMACI\u00d3N AL USUARIO<\/strong><\/li>\r\n<\/ol><br><p><em>\u00bfQui\u00e9n es el responsable del tratamiento de tus datos personales?<\/em><\/p><br><p><em>TECNOLAWYER, SL <\/em>es el RESPONSABLE del tratamiento de los datos personales del USUARIO y le informa de que estos datos ser\u00e1n tratados de conformidad con lo dispuesto en el Reglamento (UE) 2016\/679, de 27 de abril (RGPD), y la Ley Org\u00e1nica 3\/2018, de 5 de diciembre (LOPDGDD).<\/p><br><p><strong><em>\u00bfPara qu\u00e9 tratamos tus datos personales?<\/em><\/strong><\/p><br><p>Para mantener una relaci\u00f3n comercial con el usuario. Las operaciones previstas para realizar el tratamiento son:<\/p><br><ul>\r\n\t<li>Remisi\u00f3n de comunicaciones comerciales publicitarias por e-mail, fax, SMS, MMS, redes sociales o cualquier otro medio electr\u00f3nico o f\u00edsico, presente o futuro, que posibilite realizar comunicaciones comerciales. Estas comunicaciones ser\u00e1n realizadas por el RESPONSABLE y estar\u00e1n relacionadas con sus productos y servicios, o de sus colaboradores o proveedores, con los que este haya alcanzado alg\u00fan acuerdo de promoci\u00f3n. En este caso, los terceros nunca tendr\u00e1n acceso a los datos personales.<\/li>\r\n\t<li>Realizar estudios de mercado y an\u00e1lisis estad\u00edsticos.<\/li>\r\n\t<li>Tramitar encargos, solicitudes, dar respuesta a las consultas o cualquier tipo de petici\u00f3n que sea realizada por el USUARIO a trav\u00e9s de cualquiera de las formas de contacto que se ponen a su disposici\u00f3n en la p\u00e1gina web del RESPONSABLE.<\/li>\r\n\t<li>Remitir el bolet\u00edn informativo online, sobre novedades, ofertas y promociones en nuestra actividad.<\/li>\r\n\t<li>Tratamientos asociados a sistemas de inteligencia artificial (IA): El RESPONSABLE podr\u00e1 utilizar herramientas basadas en IA para optimizar la atenci\u00f3n al cliente (por ejemplo, a trav\u00e9s de <em>chatbots<\/em> o asistentes virtuales debidamente identificados), personalizar contenidos, mejorar los procesos internos de an\u00e1lisis o realizar filtrados autom\u00e1ticos de informaci\u00f3n.<\/li>\r\n<\/ul><br><p>Estos sistemas estar\u00e1n siempre bajo supervisi\u00f3n humana y no se adoptar\u00e1n decisiones que produzcan efectos jur\u00eddicos o afecten significativamente al USUARIO sin intervenci\u00f3n humana, salvo consentimiento expreso y con la debida informaci\u00f3n previa.<\/p><br><p><strong><em>\u00bfPor qu\u00e9 motivo podemos tratar tus datos personales?<\/em><\/strong><\/p><br><p>Porque el tratamiento est\u00e1 legitimado por el art\u00edculo 6 del RGPD de la siguiente forma:<\/p><br><ul>\r\n\t<li>Con el consentimiento del USUARIO: remisi\u00f3n de comunicaciones comerciales, del bolet\u00edn informativo y, en su caso, para el uso de herramientas de IA que requieran dicho consentimiento.<\/li>\r\n\t<li>Por inter\u00e9s leg\u00edtimo del RESPONSABLE: realizar estudios de mercado, an\u00e1lisis estad\u00edsticos, optimizar la experiencia de usuario mediante tecnolog\u00edas seguras de IA, y tramitar encargos, solicitudes, etc. a petici\u00f3n del USUARIO.<\/li>\r\n<\/ul><br><p><strong><em>\u00bfDurante cu\u00e1nto tiempo guardaremos tus datos personales?<\/em><\/strong><\/p><br><p>Se conservar\u00e1n durante no m\u00e1s tiempo del necesario para mantener el fin del tratamiento o existan prescripciones legales que dictaminen su custodia y cuando ya no sea necesario para ello, se suprimir\u00e1n con medidas de seguridad adecuadas para garantizar la anonimizaci\u00f3n de los datos o la destrucci\u00f3n total de los mismos.<\/p><br><p>&nbsp;<\/p><br><p><strong><em>\u00bfA qui\u00e9n facilitamos tus datos personales?<\/em><\/strong><\/p><br><p>No est\u00e1 prevista ninguna comunicaci\u00f3n de datos personales a terceros salvo, si fuese necesario para el desarrollo y ejecuci\u00f3n de las finalidades del tratamiento, a nuestros proveedores de servicios relacionados con comunicaciones, TI o IA, con los cuales el RESPONSABLE tiene suscritos los contratos de confidencialidad y de encargado de tratamiento exigidos por la normativa vigente de privacidad.<\/p><br><p>En el caso de que la prestaci\u00f3n de servicios de IA implique tratamiento de datos personales fuera del Espacio Econ\u00f3mico Europeo, se aplicar\u00e1n las garant\u00edas adecuadas previstas por el RGPD (por ejemplo, cl\u00e1usulas contractuales tipo aprobadas por la Comisi\u00f3n). El usuario podr\u00e1 solicitar informaci\u00f3n sobre estos proveedores y sobre las garant\u00edas aplicadas.<\/p><br><p><strong><em>\u00bfCu\u00e1les son tus derechos?<\/em><\/strong><\/p><br><p>Los derechos que asisten al USUARIO son:<\/p><br><ul>\r\n\t<li>Derecho a retirar el consentimiento en cualquier momento.<\/li>\r\n\t<li>Derecho de acceso, rectificaci\u00f3n, portabilidad y supresi\u00f3n de sus datos, y de limitaci\u00f3n u oposici\u00f3n a su tratamiento.<\/li>\r\n\t<li>Derecho a no ser objeto de decisiones exclusivamente automatizadas, incluida la elaboraci\u00f3n de perfiles, que produzcan efectos jur\u00eddicos o le afecten significativamente, y a solicitar la intervenci\u00f3n humana, expresar su punto de vista y a impugnar la decisi\u00f3n.<\/li>\r\n\t<li>Derecho a presentar una reclamaci\u00f3n ante la autoridad de control (www.aepd.es) si considera que el tratamiento no se ajusta a la normativa vigente.<\/li>\r\n<\/ul><br><p>Datos de contacto para ejercer sus derechos:<\/p><br><p><em>Direcci\u00f3n postal: TECNOLAWYER, SL. Rambla de Catalunya, 121 4-2 izq. 08008 Barcelona (BARCELONA) o <a href=\"mailto:rgpd@tecnolawyer.com\">rgpd@tecnolawyer.com<\/a><\/em><\/p><br><ol start=\"2\">\r\n\t<li><strong> CAR\u00c1CTER OBLIGATORIO O FACULTATIVO DE LA INFORMACI\u00d3N FACILITADA POR EL USUARIO<\/strong><\/li>\r\n<\/ol><br><p>Los USUARIOS, mediante la marcaci\u00f3n de las casillas correspondientes y la entrada de datos en los campos, marcados con un asterisco (*) en el formulario de contacto o presentados en formularios de descarga, aceptan expresamente y de forma libre e inequ\u00edvoca, que sus datos son necesarios para atender su petici\u00f3n, por parte del prestador, siendo voluntaria la inclusi\u00f3n de datos en los campos restantes. El USUARIO garantiza que los datos personales facilitados al RESPONSABLE son veraces y se hace responsable de comunicar cualquier modificaci\u00f3n de los mismos.<\/p><br><p>El RESPONSABLE informa de que todos los datos solicitados a trav\u00e9s del sitio web son obligatorios, ya que son necesarios para la prestaci\u00f3n de un servicio \u00f3ptimo al USUARIO. En caso de que no se faciliten todos los datos, no se garantiza que la informaci\u00f3n y servicios facilitados sean completamente ajustados a sus necesidades.<\/p><br><ol start=\"3\">\r\n\t<li><strong> MEDIDAS DE SEGURIDAD<\/strong><\/li>\r\n<\/ol><br><p>De conformidad con lo dispuesto en las normativas vigentes en protecci\u00f3n de datos personales, el RESPONSABLE est\u00e1 cumpliendo con todas las disposiciones de las normativas RGPD y LOPDGDD para el tratamiento de los datos personales de su responsabilidad, y manifiestamente con los principios descritos en el art\u00edculo 5 del RGPD, por los cuales son tratados de manera l\u00edcita, leal y transparente en relaci\u00f3n con el interesado y adecuados, pertinentes y limitados a lo necesario en relaci\u00f3n con los fines para los que son tratados.<\/p><br><p>En el caso de tratamientos que impliquen el uso de sistemas de inteligencia artificial, el RESPONSABLE:<\/p><br><ul>\r\n\t<li>Evaluar\u00e1 la necesidad de realizar una Evaluaci\u00f3n de Impacto en Protecci\u00f3n de Datos (EIPD) previa, especialmente cuando se trate de IA de alto riesgo seg\u00fan la clasificaci\u00f3n del AI Act.<\/li>\r\n\t<li>Implementar\u00e1 medidas para garantizar la calidad y minimizaci\u00f3n de los datos utilizados en el entrenamiento o funcionamiento de los sistemas de IA.<\/li>\r\n\t<li>Adoptar\u00e1 protocolos para la supervisi\u00f3n humana, auditor\u00eda y correcci\u00f3n de posibles sesgos o errores derivados del uso de IA.<\/li>\r\n<\/ul><br><p>El RESPONSABLE garantiza que ha implementado pol\u00edticas t\u00e9cnicas y organizativas apropiadas para proteger los derechos y libertades de los USUARIOS en tratamientos que incluyan IA, aplicando medidas de seguridad de conformidad con RGPD, LOPDGDD y el Reglamento de IA.<\/p><br><ol start=\"4\">\r\n\t<li><strong> INFORMACI\u00d3N ADICIONAL SOBRE INTELIGENCIA ARTIFICIAL<\/strong><\/li>\r\n<\/ol><br><p>Si el usuario desea m\u00e1s informaci\u00f3n sobre c\u00f3mo utilizamos la IA en nuestros procesos y sobre las garant\u00edas aplicadas, puede solicitarla a trav\u00e9s de los canales de contacto indicados. El RESPONSABLE pondr\u00e1 a disposici\u00f3n, cuando proceda, una pol\u00edtica espec\u00edfica de uso de IA accesible en la web.<\/p><br><p>Para m\u00e1s informaci\u00f3n sobre las garant\u00edas de privacidad, puedes dirigirte al RESPONSABLE a trav\u00e9s de <em><a href=\"mailto:rgpd@tecnolawyer.com\">rgpd@tecnolawyer.com<\/a>.<\/em><\/p><br><p><span style=\"font-size: 14px;\">Pol\u00edtica de Privacidad &#8211; v. 2.4 de 22\/08\/2025<\/span><\/p>\t\t\t\t\t\t\t\t<\/div>\n\t\t\t\t<\/div>\n\t\t\t\t\t<\/div>\n\t\t<\/div>\n\t\t\t\t\t<\/div>\n\t\t<\/section>\n\t\t\t\t<\/div>\n\t\t","protected":false},"excerpt":{"rendered":"<p>POL\u00cdTICA DE PRIVACIDAD INFORMACI\u00d3N AL USUARIO \u00bfQui\u00e9n es el responsable del tratamiento de tus datos personales? TECNOLAWYER, SL es el ... <a title=\"Pol\u00edtica de privacidad\" class=\"read-more\" href=\"https:\/\/tecnolawyer.com\/es\/politica-de-privacidad\/\" aria-label=\"Leer m\u00e1s sobre Pol\u00edtica de privacidad\">Leer m\u00e1s<\/a><\/p>\n","protected":false},"author":2,"featured_media":0,"parent":0,"menu_order":0,"comment_status":"closed","ping_status":"closed","template":"","meta":{"inline_featured_image":false,"generate_page_header":"","footnotes":""},"class_list":["post-50368","page","type-page","status-publish"],"_links":{"self":[{"href":"https:\/\/tecnolawyer.com\/es\/wp-json\/wp\/v2\/pages\/50368","targetHints":{"allow":["GET"]}}],"collection":[{"href":"https:\/\/tecnolawyer.com\/es\/wp-json\/wp\/v2\/pages"}],"about":[{"href":"https:\/\/tecnolawyer.com\/es\/wp-json\/wp\/v2\/types\/page"}],"author":[{"embeddable":true,"href":"https:\/\/tecnolawyer.com\/es\/wp-json\/wp\/v2\/users\/2"}],"replies":[{"embeddable":true,"href":"https:\/\/tecnolawyer.com\/es\/wp-json\/wp\/v2\/comments?post=50368"}],"version-history":[{"count":0,"href":"https:\/\/tecnolawyer.com\/es\/wp-json\/wp\/v2\/pages\/50368\/revisions"}],"wp:attachment":[{"href":"https:\/\/tecnolawyer.com\/es\/wp-json\/wp\/v2\/media?parent=50368"}],"curies":[{"name":"wp","href":"https:\/\/api.w.org\/{rel}","templated":true}]}}