{"id":50364,"date":"2019-05-31T09:38:24","date_gmt":"2019-05-31T07:38:24","guid":{"rendered":"https:\/\/tecnolawyer.com\/blog\/"},"modified":"2025-10-06T22:27:53","modified_gmt":"2025-10-06T20:27:53","slug":"blog","status":"publish","type":"page","link":"https:\/\/tecnolawyer.com\/es\/blog\/","title":{"rendered":"Blog"},"content":{"rendered":"\t\t<div data-elementor-type=\"wp-post\" data-elementor-id=\"50364\" class=\"elementor elementor-50364 elementor-19567\" data-elementor-post-type=\"page\">\n\t\t\t\t\t\t<section class=\"elementor-section elementor-top-section elementor-element elementor-element-9910bca elementor-section-boxed elementor-section-height-default elementor-section-height-default\" data-id=\"9910bca\" data-element_type=\"section\" data-e-type=\"section\">\n\t\t\t\t\t\t<div class=\"elementor-container elementor-column-gap-wide\">\n\t\t\t\t\t<div class=\"elementor-column elementor-col-100 elementor-top-column elementor-element elementor-element-a803855\" data-id=\"a803855\" data-element_type=\"column\" data-e-type=\"column\">\n\t\t\t<div class=\"elementor-widget-wrap elementor-element-populated\">\n\t\t\t\t\t\t<div class=\"elementor-element elementor-element-b5859c4 elementor-grid-2 elementor-grid-tablet-2 elementor-grid-mobile-1 elementor-posts--thumbnail-top elementor-widget elementor-widget-posts\" data-id=\"b5859c4\" data-element_type=\"widget\" data-e-type=\"widget\" data-settings=\"{&quot;classic_columns&quot;:&quot;2&quot;,&quot;pagination_type&quot;:&quot;numbers_and_prev_next&quot;,&quot;classic_columns_tablet&quot;:&quot;2&quot;,&quot;classic_columns_mobile&quot;:&quot;1&quot;,&quot;classic_row_gap&quot;:{&quot;unit&quot;:&quot;px&quot;,&quot;size&quot;:35,&quot;sizes&quot;:[]},&quot;classic_row_gap_tablet&quot;:{&quot;unit&quot;:&quot;px&quot;,&quot;size&quot;:&quot;&quot;,&quot;sizes&quot;:[]},&quot;classic_row_gap_mobile&quot;:{&quot;unit&quot;:&quot;px&quot;,&quot;size&quot;:&quot;&quot;,&quot;sizes&quot;:[]}}\" data-widget_type=\"posts.classic\">\n\t\t\t\t<div class=\"elementor-widget-container\">\n\t\t\t\t\t\t\t<div class=\"elementor-posts-container elementor-posts elementor-posts--skin-classic elementor-grid\" role=\"list\">\n\t\t\t\t<article class=\"elementor-post elementor-grid-item post-63771 post type-post status-publish format-standard has-post-thumbnail hentry category-privacidad-proteccion_datos-es category-seguridad-de-la-informacion generate-columns tablet-grid-50 mobile-grid-100 grid-parent grid-50\" role=\"listitem\">\n\t\t\t\t<a class=\"elementor-post__thumbnail__link\" href=\"https:\/\/tecnolawyer.com\/es\/pixeles-en-email-marketing-el-invisible-que-puede-costarte-100-000-e\/\" tabindex=\"-1\" >\n\t\t\t<div class=\"elementor-post__thumbnail\"><img fetchpriority=\"high\" decoding=\"async\" width=\"1672\" height=\"941\" src=\"https:\/\/tecnolawyer.com\/wp-content\/uploads\/2026\/04\/foto-1.png\" class=\"attachment-full size-full wp-image-63770\" alt=\"\" srcset=\"https:\/\/tecnolawyer.com\/wp-content\/uploads\/2026\/04\/foto-1.png 1672w, https:\/\/tecnolawyer.com\/wp-content\/uploads\/2026\/04\/foto-1-300x169.png 300w, https:\/\/tecnolawyer.com\/wp-content\/uploads\/2026\/04\/foto-1-1024x576.png 1024w, https:\/\/tecnolawyer.com\/wp-content\/uploads\/2026\/04\/foto-1-768x432.png 768w, https:\/\/tecnolawyer.com\/wp-content\/uploads\/2026\/04\/foto-1-1536x864.png 1536w\" sizes=\"(max-width: 1672px) 100vw, 1672px\" \/><\/div>\n\t\t<\/a>\n\t\t\t\t<div class=\"elementor-post__text\">\n\t\t\t\t<h2 class=\"elementor-post__title\">\n\t\t\t<a href=\"https:\/\/tecnolawyer.com\/es\/pixeles-en-email-marketing-el-invisible-que-puede-costarte-100-000-e\/\" >\n\t\t\t\tP\u00edxeles en email marketing: el \u00abinvisible\u00bb que puede costarte 100.000 \u20ac\t\t\t<\/a>\n\t\t<\/h2>\n\t\t\t\t<div class=\"elementor-post__meta-data\">\n\t\t\t\t\t<span class=\"elementor-post-date\">\n\t\t\t29 de abril de 2026\t\t<\/span>\n\t\t\t\t<\/div>\n\t\t\n\t\t<a class=\"elementor-post__read-more\" href=\"https:\/\/tecnolawyer.com\/es\/pixeles-en-email-marketing-el-invisible-que-puede-costarte-100-000-e\/\" aria-label=\"M\u00e1s informaci\u00f3n sobre P\u00edxeles en email marketing: el \u00abinvisible\u00bb que puede costarte 100.000 \u20ac\" tabindex=\"-1\" >\n\t\t\tLeer m\u00e1s \u00bb\t\t<\/a>\n\n\t\t\t\t<\/div>\n\t\t\t\t<\/article>\n\t\t\t\t<article class=\"elementor-post elementor-grid-item post-63612 post type-post status-publish format-standard has-post-thumbnail hentry category-derechos-y-libertades-digitales-de-las-personas-es category-privacidad-proteccion_datos-es category-sin-categorizar generate-columns tablet-grid-50 mobile-grid-100 grid-parent grid-50\" role=\"listitem\">\n\t\t\t\t<a class=\"elementor-post__thumbnail__link\" href=\"https:\/\/tecnolawyer.com\/es\/de-la-ia-al-control-biometrico-cuando-la-tecnologia-se-pasa-de-frenada\/\" tabindex=\"-1\" >\n\t\t\t<div class=\"elementor-post__thumbnail\"><img decoding=\"async\" width=\"1672\" height=\"941\" src=\"https:\/\/tecnolawyer.com\/wp-content\/uploads\/2026\/04\/contrrol_biometrico_IA.png\" class=\"attachment-full size-full wp-image-63611\" alt=\"\" srcset=\"https:\/\/tecnolawyer.com\/wp-content\/uploads\/2026\/04\/contrrol_biometrico_IA.png 1672w, https:\/\/tecnolawyer.com\/wp-content\/uploads\/2026\/04\/contrrol_biometrico_IA-300x169.png 300w, https:\/\/tecnolawyer.com\/wp-content\/uploads\/2026\/04\/contrrol_biometrico_IA-1024x576.png 1024w, https:\/\/tecnolawyer.com\/wp-content\/uploads\/2026\/04\/contrrol_biometrico_IA-768x432.png 768w, https:\/\/tecnolawyer.com\/wp-content\/uploads\/2026\/04\/contrrol_biometrico_IA-1536x864.png 1536w\" sizes=\"(max-width: 1672px) 100vw, 1672px\" \/><\/div>\n\t\t<\/a>\n\t\t\t\t<div class=\"elementor-post__text\">\n\t\t\t\t<h2 class=\"elementor-post__title\">\n\t\t\t<a href=\"https:\/\/tecnolawyer.com\/es\/de-la-ia-al-control-biometrico-cuando-la-tecnologia-se-pasa-de-frenada\/\" >\n\t\t\t\tDe la IA al control biom\u00e9trico: cuando la tecnolog\u00eda se pasa de frenada\t\t\t<\/a>\n\t\t<\/h2>\n\t\t\t\t<div class=\"elementor-post__meta-data\">\n\t\t\t\t\t<span class=\"elementor-post-date\">\n\t\t\t22 de abril de 2026\t\t<\/span>\n\t\t\t\t<\/div>\n\t\t\n\t\t<a class=\"elementor-post__read-more\" href=\"https:\/\/tecnolawyer.com\/es\/de-la-ia-al-control-biometrico-cuando-la-tecnologia-se-pasa-de-frenada\/\" aria-label=\"M\u00e1s informaci\u00f3n sobre De la IA al control biom\u00e9trico: cuando la tecnolog\u00eda se pasa de frenada\" tabindex=\"-1\" >\n\t\t\tLeer m\u00e1s \u00bb\t\t<\/a>\n\n\t\t\t\t<\/div>\n\t\t\t\t<\/article>\n\t\t\t\t<article class=\"elementor-post elementor-grid-item post-63605 post type-post status-publish format-standard has-post-thumbnail hentry category-inteligencia-artificial-es-2 category-privacidad-proteccion_datos-es generate-columns tablet-grid-50 mobile-grid-100 grid-parent grid-50\" role=\"listitem\">\n\t\t\t\t<a class=\"elementor-post__thumbnail__link\" href=\"https:\/\/tecnolawyer.com\/es\/el-error-mas-comun-al-usar-ia-en-emails-y-por-que-puede-costarte-caro\/\" tabindex=\"-1\" >\n\t\t\t<div class=\"elementor-post__thumbnail\"><img decoding=\"async\" width=\"1536\" height=\"1024\" src=\"https:\/\/tecnolawyer.com\/wp-content\/uploads\/2026\/04\/AI-asistente-con-advertencias-de-seguridad.png\" class=\"attachment-full size-full wp-image-63594\" alt=\"\" srcset=\"https:\/\/tecnolawyer.com\/wp-content\/uploads\/2026\/04\/AI-asistente-con-advertencias-de-seguridad.png 1536w, https:\/\/tecnolawyer.com\/wp-content\/uploads\/2026\/04\/AI-asistente-con-advertencias-de-seguridad-300x200.png 300w, https:\/\/tecnolawyer.com\/wp-content\/uploads\/2026\/04\/AI-asistente-con-advertencias-de-seguridad-1024x683.png 1024w, https:\/\/tecnolawyer.com\/wp-content\/uploads\/2026\/04\/AI-asistente-con-advertencias-de-seguridad-768x512.png 768w\" sizes=\"(max-width: 1536px) 100vw, 1536px\" \/><\/div>\n\t\t<\/a>\n\t\t\t\t<div class=\"elementor-post__text\">\n\t\t\t\t<h2 class=\"elementor-post__title\">\n\t\t\t<a href=\"https:\/\/tecnolawyer.com\/es\/el-error-mas-comun-al-usar-ia-en-emails-y-por-que-puede-costarte-caro\/\" >\n\t\t\t\tEl error m\u00e1s com\u00fan al usar IA en emails (y por qu\u00e9 puede costarte caro)\t\t\t<\/a>\n\t\t<\/h2>\n\t\t\t\t<div class=\"elementor-post__meta-data\">\n\t\t\t\t\t<span class=\"elementor-post-date\">\n\t\t\t15 de abril de 2026\t\t<\/span>\n\t\t\t\t<\/div>\n\t\t\n\t\t<a class=\"elementor-post__read-more\" href=\"https:\/\/tecnolawyer.com\/es\/el-error-mas-comun-al-usar-ia-en-emails-y-por-que-puede-costarte-caro\/\" aria-label=\"M\u00e1s informaci\u00f3n sobre El error m\u00e1s com\u00fan al usar IA en emails (y por qu\u00e9 puede costarte caro)\" tabindex=\"-1\" >\n\t\t\tLeer m\u00e1s \u00bb\t\t<\/a>\n\n\t\t\t\t<\/div>\n\t\t\t\t<\/article>\n\t\t\t\t<article class=\"elementor-post elementor-grid-item post-63534 post type-post status-publish format-standard has-post-thumbnail hentry category-inteligencia-artificial-es-2 category-privacidad-proteccion_datos-es generate-columns tablet-grid-50 mobile-grid-100 grid-parent grid-50\" role=\"listitem\">\n\t\t\t\t<a class=\"elementor-post__thumbnail__link\" href=\"https:\/\/tecnolawyer.com\/es\/usas-ia-para-contratar-esto-es-lo-que-debes-revisar-antes-de-decidir\/\" tabindex=\"-1\" >\n\t\t\t<div class=\"elementor-post__thumbnail\"><img loading=\"lazy\" decoding=\"async\" width=\"1536\" height=\"1024\" src=\"https:\/\/tecnolawyer.com\/wp-content\/uploads\/2026\/04\/Evaluacion-de-candidatos-en-oficina-moderna.png\" class=\"attachment-full size-full wp-image-63533\" alt=\"\" srcset=\"https:\/\/tecnolawyer.com\/wp-content\/uploads\/2026\/04\/Evaluacion-de-candidatos-en-oficina-moderna.png 1536w, https:\/\/tecnolawyer.com\/wp-content\/uploads\/2026\/04\/Evaluacion-de-candidatos-en-oficina-moderna-300x200.png 300w, https:\/\/tecnolawyer.com\/wp-content\/uploads\/2026\/04\/Evaluacion-de-candidatos-en-oficina-moderna-1024x683.png 1024w, https:\/\/tecnolawyer.com\/wp-content\/uploads\/2026\/04\/Evaluacion-de-candidatos-en-oficina-moderna-768x512.png 768w\" sizes=\"(max-width: 1536px) 100vw, 1536px\" \/><\/div>\n\t\t<\/a>\n\t\t\t\t<div class=\"elementor-post__text\">\n\t\t\t\t<h2 class=\"elementor-post__title\">\n\t\t\t<a href=\"https:\/\/tecnolawyer.com\/es\/usas-ia-para-contratar-esto-es-lo-que-debes-revisar-antes-de-decidir\/\" >\n\t\t\t\t\u00bfUsas IA para contratar? Esto es lo que debes revisar antes de decidir\t\t\t<\/a>\n\t\t<\/h2>\n\t\t\t\t<div class=\"elementor-post__meta-data\">\n\t\t\t\t\t<span class=\"elementor-post-date\">\n\t\t\t8 de abril de 2026\t\t<\/span>\n\t\t\t\t<\/div>\n\t\t\n\t\t<a class=\"elementor-post__read-more\" href=\"https:\/\/tecnolawyer.com\/es\/usas-ia-para-contratar-esto-es-lo-que-debes-revisar-antes-de-decidir\/\" aria-label=\"M\u00e1s informaci\u00f3n sobre \u00bfUsas IA para contratar? Esto es lo que debes revisar antes de decidir\" tabindex=\"-1\" >\n\t\t\tLeer m\u00e1s \u00bb\t\t<\/a>\n\n\t\t\t\t<\/div>\n\t\t\t\t<\/article>\n\t\t\t\t<article class=\"elementor-post elementor-grid-item post-63524 post type-post status-publish format-standard has-post-thumbnail hentry category-derecho-digital-es generate-columns tablet-grid-50 mobile-grid-100 grid-parent grid-50\" role=\"listitem\">\n\t\t\t\t<a class=\"elementor-post__thumbnail__link\" href=\"https:\/\/tecnolawyer.com\/es\/plataformas-educativas-digitales-lo-que-hay-que-revisar-antes-de-volver-a-clase\/\" tabindex=\"-1\" >\n\t\t\t<div class=\"elementor-post__thumbnail\"><img loading=\"lazy\" decoding=\"async\" width=\"1536\" height=\"1024\" src=\"https:\/\/tecnolawyer.com\/wp-content\/uploads\/2026\/04\/foto.png\" class=\"attachment-full size-full wp-image-63523\" alt=\"\" srcset=\"https:\/\/tecnolawyer.com\/wp-content\/uploads\/2026\/04\/foto.png 1536w, https:\/\/tecnolawyer.com\/wp-content\/uploads\/2026\/04\/foto-300x200.png 300w, https:\/\/tecnolawyer.com\/wp-content\/uploads\/2026\/04\/foto-1024x683.png 1024w, https:\/\/tecnolawyer.com\/wp-content\/uploads\/2026\/04\/foto-768x512.png 768w\" sizes=\"(max-width: 1536px) 100vw, 1536px\" \/><\/div>\n\t\t<\/a>\n\t\t\t\t<div class=\"elementor-post__text\">\n\t\t\t\t<h2 class=\"elementor-post__title\">\n\t\t\t<a href=\"https:\/\/tecnolawyer.com\/es\/plataformas-educativas-digitales-lo-que-hay-que-revisar-antes-de-volver-a-clase\/\" >\n\t\t\t\tPlataformas educativas digitales: lo que hay que revisar antes de volver a clase\t\t\t<\/a>\n\t\t<\/h2>\n\t\t\t\t<div class=\"elementor-post__meta-data\">\n\t\t\t\t\t<span class=\"elementor-post-date\">\n\t\t\t1 de abril de 2026\t\t<\/span>\n\t\t\t\t<\/div>\n\t\t\n\t\t<a class=\"elementor-post__read-more\" href=\"https:\/\/tecnolawyer.com\/es\/plataformas-educativas-digitales-lo-que-hay-que-revisar-antes-de-volver-a-clase\/\" aria-label=\"M\u00e1s informaci\u00f3n sobre Plataformas educativas digitales: lo que hay que revisar antes de volver a clase\" tabindex=\"-1\" >\n\t\t\tLeer m\u00e1s \u00bb\t\t<\/a>\n\n\t\t\t\t<\/div>\n\t\t\t\t<\/article>\n\t\t\t\t<article class=\"elementor-post elementor-grid-item post-63491 post type-post status-publish format-standard has-post-thumbnail hentry category-derecho-empresa-entornos-digitales-es category-inteligencia-artificial-es-2 generate-columns tablet-grid-50 mobile-grid-100 grid-parent grid-50\" role=\"listitem\">\n\t\t\t\t<a class=\"elementor-post__thumbnail__link\" href=\"https:\/\/tecnolawyer.com\/es\/la-politica-de-ia-que-funciona-menos-normas-mas-circuito\/\" tabindex=\"-1\" >\n\t\t\t<div class=\"elementor-post__thumbnail\"><img loading=\"lazy\" decoding=\"async\" width=\"1000\" height=\"1000\" src=\"https:\/\/tecnolawyer.com\/wp-content\/uploads\/2026\/03\/IA-y-documentos-lesgales.jpg\" class=\"attachment-full size-full wp-image-63490\" alt=\"\" srcset=\"https:\/\/tecnolawyer.com\/wp-content\/uploads\/2026\/03\/IA-y-documentos-lesgales.jpg 1000w, https:\/\/tecnolawyer.com\/wp-content\/uploads\/2026\/03\/IA-y-documentos-lesgales-300x300.jpg 300w, https:\/\/tecnolawyer.com\/wp-content\/uploads\/2026\/03\/IA-y-documentos-lesgales-150x150.jpg 150w, https:\/\/tecnolawyer.com\/wp-content\/uploads\/2026\/03\/IA-y-documentos-lesgales-768x768.jpg 768w\" sizes=\"(max-width: 1000px) 100vw, 1000px\" \/><\/div>\n\t\t<\/a>\n\t\t\t\t<div class=\"elementor-post__text\">\n\t\t\t\t<h2 class=\"elementor-post__title\">\n\t\t\t<a href=\"https:\/\/tecnolawyer.com\/es\/la-politica-de-ia-que-funciona-menos-normas-mas-circuito\/\" >\n\t\t\t\tLa pol\u00edtica de IA que funciona: menos normas, m\u00e1s circuito\t\t\t<\/a>\n\t\t<\/h2>\n\t\t\t\t<div class=\"elementor-post__meta-data\">\n\t\t\t\t\t<span class=\"elementor-post-date\">\n\t\t\t24 de marzo de 2026\t\t<\/span>\n\t\t\t\t<\/div>\n\t\t\n\t\t<a class=\"elementor-post__read-more\" href=\"https:\/\/tecnolawyer.com\/es\/la-politica-de-ia-que-funciona-menos-normas-mas-circuito\/\" aria-label=\"M\u00e1s informaci\u00f3n sobre La pol\u00edtica de IA que funciona: menos normas, m\u00e1s circuito\" tabindex=\"-1\" >\n\t\t\tLeer m\u00e1s \u00bb\t\t<\/a>\n\n\t\t\t\t<\/div>\n\t\t\t\t<\/article>\n\t\t\t\t<article class=\"elementor-post elementor-grid-item post-63484 post type-post status-publish format-standard has-post-thumbnail hentry category-derecho-empresa-entornos-digitales-es category-inteligencia-artificial-es-2 generate-columns tablet-grid-50 mobile-grid-100 grid-parent grid-50\" role=\"listitem\">\n\t\t\t\t<a class=\"elementor-post__thumbnail__link\" href=\"https:\/\/tecnolawyer.com\/es\/shadow-ai-en-el-trabajo-como-supervisar-sin-cruzar-la-linea-de-la-vigilancia\/\" tabindex=\"-1\" >\n\t\t\t<div class=\"elementor-post__thumbnail\"><img loading=\"lazy\" decoding=\"async\" width=\"1536\" height=\"1024\" src=\"https:\/\/tecnolawyer.com\/wp-content\/uploads\/2026\/03\/foto.png\" class=\"attachment-full size-full wp-image-63483\" alt=\"\" srcset=\"https:\/\/tecnolawyer.com\/wp-content\/uploads\/2026\/03\/foto.png 1536w, https:\/\/tecnolawyer.com\/wp-content\/uploads\/2026\/03\/foto-300x200.png 300w, https:\/\/tecnolawyer.com\/wp-content\/uploads\/2026\/03\/foto-1024x683.png 1024w, https:\/\/tecnolawyer.com\/wp-content\/uploads\/2026\/03\/foto-768x512.png 768w\" sizes=\"(max-width: 1536px) 100vw, 1536px\" \/><\/div>\n\t\t<\/a>\n\t\t\t\t<div class=\"elementor-post__text\">\n\t\t\t\t<h2 class=\"elementor-post__title\">\n\t\t\t<a href=\"https:\/\/tecnolawyer.com\/es\/shadow-ai-en-el-trabajo-como-supervisar-sin-cruzar-la-linea-de-la-vigilancia\/\" >\n\t\t\t\tShadow AI en el trabajo: c\u00f3mo supervisar sin cruzar la l\u00ednea de la vigilancia\t\t\t<\/a>\n\t\t<\/h2>\n\t\t\t\t<div class=\"elementor-post__meta-data\">\n\t\t\t\t\t<span class=\"elementor-post-date\">\n\t\t\t18 de marzo de 2026\t\t<\/span>\n\t\t\t\t<\/div>\n\t\t\n\t\t<a class=\"elementor-post__read-more\" href=\"https:\/\/tecnolawyer.com\/es\/shadow-ai-en-el-trabajo-como-supervisar-sin-cruzar-la-linea-de-la-vigilancia\/\" aria-label=\"M\u00e1s informaci\u00f3n sobre Shadow AI en el trabajo: c\u00f3mo supervisar sin cruzar la l\u00ednea de la vigilancia\" tabindex=\"-1\" >\n\t\t\tLeer m\u00e1s \u00bb\t\t<\/a>\n\n\t\t\t\t<\/div>\n\t\t\t\t<\/article>\n\t\t\t\t<article class=\"elementor-post elementor-grid-item post-63475 post type-post status-publish format-standard has-post-thumbnail hentry category-inteligencia-artificial-es-2 category-privacidad-proteccion_datos-es generate-columns tablet-grid-50 mobile-grid-100 grid-parent grid-50\" role=\"listitem\">\n\t\t\t\t<a class=\"elementor-post__thumbnail__link\" href=\"https:\/\/tecnolawyer.com\/es\/copiar-y-pegar-en-ia-generativa-el-riesgo-no-es-la-respuesta-es-el-dato\/\" tabindex=\"-1\" >\n\t\t\t<div class=\"elementor-post__thumbnail\"><img loading=\"lazy\" decoding=\"async\" width=\"1536\" height=\"1024\" src=\"https:\/\/tecnolawyer.com\/wp-content\/uploads\/2026\/03\/foto-spanish-version.png\" class=\"attachment-full size-full wp-image-63474\" alt=\"\" srcset=\"https:\/\/tecnolawyer.com\/wp-content\/uploads\/2026\/03\/foto-spanish-version.png 1536w, https:\/\/tecnolawyer.com\/wp-content\/uploads\/2026\/03\/foto-spanish-version-300x200.png 300w, https:\/\/tecnolawyer.com\/wp-content\/uploads\/2026\/03\/foto-spanish-version-1024x683.png 1024w, https:\/\/tecnolawyer.com\/wp-content\/uploads\/2026\/03\/foto-spanish-version-768x512.png 768w\" sizes=\"(max-width: 1536px) 100vw, 1536px\" \/><\/div>\n\t\t<\/a>\n\t\t\t\t<div class=\"elementor-post__text\">\n\t\t\t\t<h2 class=\"elementor-post__title\">\n\t\t\t<a href=\"https:\/\/tecnolawyer.com\/es\/copiar-y-pegar-en-ia-generativa-el-riesgo-no-es-la-respuesta-es-el-dato\/\" >\n\t\t\t\tCopiar y pegar en IA generativa: el riesgo no es la respuesta, es el dato\t\t\t<\/a>\n\t\t<\/h2>\n\t\t\t\t<div class=\"elementor-post__meta-data\">\n\t\t\t\t\t<span class=\"elementor-post-date\">\n\t\t\t12 de marzo de 2026\t\t<\/span>\n\t\t\t\t<\/div>\n\t\t\n\t\t<a class=\"elementor-post__read-more\" href=\"https:\/\/tecnolawyer.com\/es\/copiar-y-pegar-en-ia-generativa-el-riesgo-no-es-la-respuesta-es-el-dato\/\" aria-label=\"M\u00e1s informaci\u00f3n sobre Copiar y pegar en IA generativa: el riesgo no es la respuesta, es el dato\" tabindex=\"-1\" >\n\t\t\tLeer m\u00e1s \u00bb\t\t<\/a>\n\n\t\t\t\t<\/div>\n\t\t\t\t<\/article>\n\t\t\t\t<article class=\"elementor-post elementor-grid-item post-63360 post type-post status-publish format-standard has-post-thumbnail hentry category-sin-categorizar generate-columns tablet-grid-50 mobile-grid-100 grid-parent grid-50\" role=\"listitem\">\n\t\t\t\t<a class=\"elementor-post__thumbnail__link\" href=\"https:\/\/tecnolawyer.com\/es\/ia-en-proveedores-saas-la-pregunta-incomoda-que-muchas-empresas-aun-no-se-hacen\/\" tabindex=\"-1\" >\n\t\t\t<div class=\"elementor-post__thumbnail\"><img loading=\"lazy\" decoding=\"async\" width=\"1536\" height=\"1024\" src=\"https:\/\/tecnolawyer.com\/wp-content\/uploads\/2026\/03\/contrato_proveedor_SaaS.png\" class=\"attachment-full size-full wp-image-63359\" alt=\"\" srcset=\"https:\/\/tecnolawyer.com\/wp-content\/uploads\/2026\/03\/contrato_proveedor_SaaS.png 1536w, https:\/\/tecnolawyer.com\/wp-content\/uploads\/2026\/03\/contrato_proveedor_SaaS-300x200.png 300w, https:\/\/tecnolawyer.com\/wp-content\/uploads\/2026\/03\/contrato_proveedor_SaaS-1024x683.png 1024w, https:\/\/tecnolawyer.com\/wp-content\/uploads\/2026\/03\/contrato_proveedor_SaaS-768x512.png 768w\" sizes=\"(max-width: 1536px) 100vw, 1536px\" \/><\/div>\n\t\t<\/a>\n\t\t\t\t<div class=\"elementor-post__text\">\n\t\t\t\t<h2 class=\"elementor-post__title\">\n\t\t\t<a href=\"https:\/\/tecnolawyer.com\/es\/ia-en-proveedores-saas-la-pregunta-incomoda-que-muchas-empresas-aun-no-se-hacen\/\" >\n\t\t\t\tIA en proveedores SaaS: la pregunta inc\u00f3moda que muchas empresas a\u00fan no se hacen\t\t\t<\/a>\n\t\t<\/h2>\n\t\t\t\t<div class=\"elementor-post__meta-data\">\n\t\t\t\t\t<span class=\"elementor-post-date\">\n\t\t\t4 de marzo de 2026\t\t<\/span>\n\t\t\t\t<\/div>\n\t\t\n\t\t<a class=\"elementor-post__read-more\" href=\"https:\/\/tecnolawyer.com\/es\/ia-en-proveedores-saas-la-pregunta-incomoda-que-muchas-empresas-aun-no-se-hacen\/\" aria-label=\"M\u00e1s informaci\u00f3n sobre IA en proveedores SaaS: la pregunta inc\u00f3moda que muchas empresas a\u00fan no se hacen\" tabindex=\"-1\" >\n\t\t\tLeer m\u00e1s \u00bb\t\t<\/a>\n\n\t\t\t\t<\/div>\n\t\t\t\t<\/article>\n\t\t\t\t<article class=\"elementor-post elementor-grid-item post-63353 post type-post status-publish format-standard has-post-thumbnail hentry category-derecho-empresa-entornos-digitales-es category-privacidad-proteccion_datos-es generate-columns tablet-grid-50 mobile-grid-100 grid-parent grid-50\" role=\"listitem\">\n\t\t\t\t<a class=\"elementor-post__thumbnail__link\" href=\"https:\/\/tecnolawyer.com\/es\/subcontratacion-en-cadena-y-rgpd-15-000-e-por-olvidar-que-el-control-no-se-delega\/\" tabindex=\"-1\" >\n\t\t\t<div class=\"elementor-post__thumbnail\"><img loading=\"lazy\" decoding=\"async\" width=\"1536\" height=\"1024\" src=\"https:\/\/tecnolawyer.com\/wp-content\/uploads\/2026\/02\/courier.png\" class=\"attachment-full size-full wp-image-63352\" alt=\"\" srcset=\"https:\/\/tecnolawyer.com\/wp-content\/uploads\/2026\/02\/courier.png 1536w, https:\/\/tecnolawyer.com\/wp-content\/uploads\/2026\/02\/courier-300x200.png 300w, https:\/\/tecnolawyer.com\/wp-content\/uploads\/2026\/02\/courier-1024x683.png 1024w, https:\/\/tecnolawyer.com\/wp-content\/uploads\/2026\/02\/courier-768x512.png 768w\" sizes=\"(max-width: 1536px) 100vw, 1536px\" \/><\/div>\n\t\t<\/a>\n\t\t\t\t<div class=\"elementor-post__text\">\n\t\t\t\t<h2 class=\"elementor-post__title\">\n\t\t\t<a href=\"https:\/\/tecnolawyer.com\/es\/subcontratacion-en-cadena-y-rgpd-15-000-e-por-olvidar-que-el-control-no-se-delega\/\" >\n\t\t\t\tSubcontrataci\u00f3n en cadena y RGPD: 15.000 \u20ac por olvidar que el control no se delega\t\t\t<\/a>\n\t\t<\/h2>\n\t\t\t\t<div class=\"elementor-post__meta-data\">\n\t\t\t\t\t<span class=\"elementor-post-date\">\n\t\t\t25 de febrero de 2026\t\t<\/span>\n\t\t\t\t<\/div>\n\t\t\n\t\t<a class=\"elementor-post__read-more\" href=\"https:\/\/tecnolawyer.com\/es\/subcontratacion-en-cadena-y-rgpd-15-000-e-por-olvidar-que-el-control-no-se-delega\/\" aria-label=\"M\u00e1s informaci\u00f3n sobre Subcontrataci\u00f3n en cadena y RGPD: 15.000 \u20ac por olvidar que el control no se delega\" tabindex=\"-1\" >\n\t\t\tLeer m\u00e1s \u00bb\t\t<\/a>\n\n\t\t\t\t<\/div>\n\t\t\t\t<\/article>\n\t\t\t\t<\/div>\n\t\t\n\t\t\t\t<div class=\"e-load-more-anchor\" data-page=\"1\" data-max-page=\"24\" data-next-page=\"https:\/\/tecnolawyer.com\/es\/wp-json\/wp\/v2\/pages\/50364\/page\/2\/\"><\/div>\n\t\t\t\t<nav class=\"elementor-pagination\" aria-label=\"Paginaci\u00f3n\">\n\t\t\t<span class=\"page-numbers prev\">\u00abAnterior<\/span>\n<span aria-current=\"page\" class=\"page-numbers current\"><span class=\"elementor-screen-only\">P\u00e1gina<\/span>1<\/span>\n<a class=\"page-numbers\" href=\"https:\/\/tecnolawyer.com\/es\/wp-json\/wp\/v2\/pages\/50364\/page\/2\/\"><span class=\"elementor-screen-only\">P\u00e1gina<\/span>2<\/a>\n<a class=\"page-numbers\" href=\"https:\/\/tecnolawyer.com\/es\/wp-json\/wp\/v2\/pages\/50364\/page\/3\/\"><span class=\"elementor-screen-only\">P\u00e1gina<\/span>3<\/a>\n<span class=\"page-numbers dots\">&hellip;<\/span>\n<a class=\"page-numbers\" href=\"https:\/\/tecnolawyer.com\/es\/wp-json\/wp\/v2\/pages\/50364\/page\/24\/\"><span class=\"elementor-screen-only\">P\u00e1gina<\/span>24<\/a>\n<a class=\"page-numbers next\" href=\"https:\/\/tecnolawyer.com\/es\/wp-json\/wp\/v2\/pages\/50364\/page\/2\/\">Siguientes \u00bb<\/a>\t\t<\/nav>\n\t\t\t\t\t\t<\/div>\n\t\t\t\t<\/div>\n\t\t\t\t\t<\/div>\n\t\t<\/div>\n\t\t\t\t\t<\/div>\n\t\t<\/section>\n\t\t\t\t<section class=\"elementor-section elementor-top-section elementor-element elementor-element-1f18873 elementor-section-boxed elementor-section-height-default elementor-section-height-default\" data-id=\"1f18873\" data-element_type=\"section\" data-e-type=\"section\">\n\t\t\t\t\t\t<div class=\"elementor-container elementor-column-gap-default\">\n\t\t\t\t\t<div class=\"elementor-column elementor-col-100 elementor-top-column elementor-element elementor-element-120d7bb\" data-id=\"120d7bb\" data-element_type=\"column\" data-e-type=\"column\">\n\t\t\t<div class=\"elementor-widget-wrap elementor-element-populated\">\n\t\t\t\t\t\t<div class=\"elementor-element elementor-element-d1838af elementor-widget__width-inherit elementor-widget elementor-widget-heading\" data-id=\"d1838af\" data-element_type=\"widget\" data-e-type=\"widget\" data-widget_type=\"heading.default\">\n\t\t\t\t<div class=\"elementor-widget-container\">\n\t\t\t\t\t<h2 class=\"elementor-heading-title elementor-size-default\">+ de 300 empresas<b> adecuadas con \u00e9xito<\/b> en los \u00faltimos 5 a\u00f1os<\/h2>\t\t\t\t<\/div>\n\t\t\t\t<\/div>\n\t\t\t\t\t<\/div>\n\t\t<\/div>\n\t\t\t\t\t<\/div>\n\t\t<\/section>\n\t\t\t\t<\/div>\n\t\t","protected":false},"excerpt":{"rendered":"<p>+ de 300 empresas adecuadas con \u00e9xito en los \u00faltimos 5 a\u00f1os<\/p>\n","protected":false},"author":2,"featured_media":0,"parent":0,"menu_order":0,"comment_status":"closed","ping_status":"closed","template":"","meta":{"inline_featured_image":false,"generate_page_header":"","footnotes":""},"class_list":["post-50364","page","type-page","status-publish","hentry","generate-columns","tablet-grid-50","mobile-grid-100","grid-parent","grid-50"],"_links":{"self":[{"href":"https:\/\/tecnolawyer.com\/es\/wp-json\/wp\/v2\/pages\/50364","targetHints":{"allow":["GET"]}}],"collection":[{"href":"https:\/\/tecnolawyer.com\/es\/wp-json\/wp\/v2\/pages"}],"about":[{"href":"https:\/\/tecnolawyer.com\/es\/wp-json\/wp\/v2\/types\/page"}],"author":[{"embeddable":true,"href":"https:\/\/tecnolawyer.com\/es\/wp-json\/wp\/v2\/users\/2"}],"replies":[{"embeddable":true,"href":"https:\/\/tecnolawyer.com\/es\/wp-json\/wp\/v2\/comments?post=50364"}],"version-history":[{"count":2,"href":"https:\/\/tecnolawyer.com\/es\/wp-json\/wp\/v2\/pages\/50364\/revisions"}],"predecessor-version":[{"id":62766,"href":"https:\/\/tecnolawyer.com\/es\/wp-json\/wp\/v2\/pages\/50364\/revisions\/62766"}],"wp:attachment":[{"href":"https:\/\/tecnolawyer.com\/es\/wp-json\/wp\/v2\/media?parent=50364"}],"curies":[{"name":"wp","href":"https:\/\/api.w.org\/{rel}","templated":true}]}}