{"id":50348,"date":"2019-05-30T19:30:30","date_gmt":"2019-05-30T17:30:30","guid":{"rendered":"https:\/\/tecnolawyer.com\/aviso-legal\/"},"modified":"2025-10-04T19:32:08","modified_gmt":"2025-10-04T17:32:08","slug":"aviso-legal","status":"publish","type":"page","link":"https:\/\/tecnolawyer.com\/es\/aviso-legal\/","title":{"rendered":"Legal"},"content":{"rendered":"\t\t<div data-elementor-type=\"wp-post\" data-elementor-id=\"50348\" class=\"elementor elementor-50348 elementor-25738\" data-elementor-post-type=\"page\">\n\t\t\t\t\t\t<section class=\"elementor-section elementor-top-section elementor-element elementor-element-64975ed7 elementor-section-boxed elementor-section-height-default elementor-section-height-default\" data-id=\"64975ed7\" data-element_type=\"section\" data-e-type=\"section\">\n\t\t\t\t\t\t<div class=\"elementor-container elementor-column-gap-default\">\n\t\t\t\t\t<div class=\"elementor-column elementor-col-100 elementor-top-column elementor-element elementor-element-30b667ef\" data-id=\"30b667ef\" data-element_type=\"column\" data-e-type=\"column\">\n\t\t\t<div class=\"elementor-widget-wrap elementor-element-populated\">\n\t\t\t\t\t\t<div class=\"elementor-element elementor-element-7903b77e elementor-widget elementor-widget-text-editor\" data-id=\"7903b77e\" data-element_type=\"widget\" data-e-type=\"widget\" data-widget_type=\"text-editor.default\">\n\t\t\t\t<div class=\"elementor-widget-container\">\n\t\t\t\t\t\t\t\t\t<p style=\"text-align: justify;\"><span style=\"font-size: 24px; color: #31a6c6;\"><b>AVISO LEGAL<\/b><\/span><\/p>\n<p style=\"text-align: justify;\"><b>LEY DE SERVICIOS DE LA SOCIEDAD DE LA INFORMACI\u00d3N (LSSI)<\/b> <\/p>\n<p style=\"text-align: justify;\"><em>TECNOLAWYER, SL, responsable del sitio web, en adelante RESPONSABLE, pone a disposici\u00f3n de los usuarios el presente documento, con el que pretende dar cumplimiento a las obligaciones dispuestas en la Ley 34\/2002, de 11 de julio, de servicios de la Sociedad de la Informaci\u00f3n y de Comercio Electr\u00f3nico (LSSICE), BOE N\u00ba 16 de uso.<\/em><\/p>\n<p style=\"text-align: justify;\"><em>Toda persona que acceda a este sitio web asume el papel de usuario, comprometi\u00e9ndose a la observancia y cumplimiento riguroso de las disposiciones aqu\u00ed dispuestas, as\u00ed como a cualquier otra disposici\u00f3n legal que fuera de aplicaci\u00f3n.  <\/em><\/p>\n<p style=\"text-align: justify;\"><em>TECNOLAWYER, SL se reserva el derecho de modificar cualquier tipo de informaci\u00f3n que pudiera aparecer en el sitio web, sin que exista obligaci\u00f3n de preavisar o poner en conocimiento de los usuarios estas obligaciones, entendi\u00e9ndose como suficiente con la publicaci\u00f3n en el sitio web de TECNOLAWYER, SL.  <\/em><\/p>\n<p style=\"text-align: justify;\"><em><b>1. DATOS IDENTIFICATIVOS<\/b> <\/em><\/p>\n<p style=\"text-align: justify;\"><em>Nombre de dominio: tecnolawyer.com<\/em><br> <em>Nombre comercial: TECNOLAWYER<\/em><br> <em>Denominaci\u00f3n social: TECNOLAWYER, SL NIF: B67231647<\/em><br> <em>Domicilio social: Rambla de Catalunya, 121 &#8211; 4 2 izq. Barcelona 08008 (BARCELONA)<\/em><br> <em>Correo electr\u00f3nico: <a href=\"mailto:rgpd@tecnolawyer.com\" target=\"_blank\" rel=\"noopener\">rgpd@tecnolawyer.com<\/a><\/em> <\/p>\n<p style=\"text-align: justify;\"><strong><em><b>2.  <\/b><\/em>USO DE TECNOLOG\u00cdAS DE INTELIGENCIA ARTIFICIAL<\/strong><\/p>\n<p>Este sitio web y sus canales digitales asociados pueden integrar herramientas o sistemas de inteligencia artificial (IA) para la prestaci\u00f3n de determinados servicios o funcionalidades, como por ejemplo:<\/p>\n<ol>\n<li>Respuesta automatizada a consultas a trav\u00e9s de <em>chatbots<\/em> o asistentes virtuales.<\/li>\n<li>Recomendaciones personalizadas de contenidos, productos o servicios.<\/li>\n<li>An\u00e1lisis de patrones de navegaci\u00f3n o interacci\u00f3n para mejorar la experiencia del usuario.<\/li>\n<\/ol>\n<p>El uso de estas tecnolog\u00edas se realiza bajo supervisi\u00f3n humana, respetando la normativa vigente en materia de protecci\u00f3n de datos personales (Reglamento UE 2016\/679 \u2013 RGPD, Ley Org\u00e1nica 3\/2018 \u2013 LOPDGDD) y el Reglamento Europeo de Inteligencia Artificial, as\u00ed como otras disposiciones nacionales o comunitarias aplicables.<\/p>\n<p>En ning\u00fan caso se adoptar\u00e1n decisiones que produzcan efectos jur\u00eddicos o afecten significativamente al usuario basadas \u00fanicamente en tratamientos automatizados sin la informaci\u00f3n previa y, en su caso, el correspondiente consentimiento, garantizando siempre la posibilidad de intervenci\u00f3n humana.<\/p>\n<p>El usuario ser\u00e1 informado de forma clara cuando est\u00e9 interactuando con un sistema de inteligencia artificial y podr\u00e1 ejercer sus derechos de acceso, rectificaci\u00f3n, supresi\u00f3n, limitaci\u00f3n, oposici\u00f3n, portabilidad y no ser objeto de decisiones exclusivamente automatizadas, dirigi\u00e9ndose a: [ <em>correo electr\u00f3nico\/DPO<\/em> ].<\/p>\n<p style=\"text-align: justify;\"><em><b>3. DERECHOS DE PROPIEDAD INTELECTUAL E INDUSTRIAL<\/b> El sitio web, incluyendo a t\u00edtulo enunciativo pero no limitativo su programaci\u00f3n, edici\u00f3n, compilaci\u00f3n y otros elementos necesarios para su funcionamiento, los dise\u00f1os, logotipos, texto y\/o gr\u00e1ficos, son propiedad del RESPONSABLE o, en su caso, dispone de licencia o autorizaci\u00f3n expresa por parte. Todos los contenidos del sitio web se encuentran debidamente protegidos por la normativa de propiedad intelectual e industrial, as\u00ed como inscritos en los registros p\u00fablicos correspondientes.   <\/em><\/p>\n<p style=\"text-align: justify;\"><em>Independientemente de la finalidad para la que fuesen destinados, la reproducci\u00f3n total o parcial, uso, explotaci\u00f3n, distribuci\u00f3n y comercializaci\u00f3n, requiere en todo caso de la autorizaci\u00f3n escrita previa por parte del RESPONSABLE. Cualquier uso no autorizado previamente se considerar\u00e1 un incumplimiento grave de los derechos de propiedad intelectual o industrial del autor.   <\/em><\/p>\n<p style=\"text-align: justify;\"><em>Los dise\u00f1os, logotipos, texto y\/o gr\u00e1ficos ajenos al RESPONSABLE y que pudieran aparecer en el sitio web, pertenecen a sus respectivos propietarios, siendo ellos mismos responsables de cualquier posible controversia que pudiera suscitar respecto a los mismos. El RESPONSABLE autoriza expresamente a que terceros puedan redirigir directamente a los contenidos concretos del sitio web, y en cualquier caso redirigir al sitio web principal de tecnolawyer.com. El RESPONSABLE reconoce a favor de sus titulares los correspondientes derechos de propiedad intelectual e industrial, no implicando su sola menci\u00f3n o aparici\u00f3n en el sitio web la existencia de derechos o responsabilidad alguna sobre los mismos, como tampoco respaldo, patrocinio o recomendaci\u00f3n por parte del mismo. Para realizar cualquier tipo de observaci\u00f3n con respecto a posibles incumplimientos de los derechos de propiedad intelectual o industrial, as\u00ed como sobre cualquiera de los contenidos del sitio web, puede hacerlo a trav\u00e9s del correo electr\u00f3nico     <\/em><em><a href=\"mailto:admin@tecnolawyer.com\">admin@tecnolawyer.com<\/a><\/em><\/p>\n<p style=\"text-align: justify;\"><em><b>4. EXENCI\u00d3N DE RESPONSABILIDADES<\/b> <\/em><\/p>\n<p style=\"text-align: justify;\"><em>El RESPONSABLE se exime de cualquier tipo de responsabilidad derivada de la informaci\u00f3n publicada en su sitio web siempre que esta informaci\u00f3n haya sido manipulada o introducida por un tercero ajeno al mismo.<\/em><\/p>\n<p style=\"text-align: justify;\"><em><b>Uso de Cookies<\/b> <\/em><\/p>\n<p style=\"text-align: justify;\"><em>Este sitio web puede utilizar cookies t\u00e9cnicas (peque\u00f1os archivos de informaci\u00f3n que el servidor env\u00eda al ordenador de quien accede a la p\u00e1gina) para llevar a cabo determinadas funciones que son consideradas imprescindibles para el correcto funcionamiento y visualizaci\u00f3n del sitio. Las cookies utilizadas tienen, en todo caso, car\u00e1cter temporal, con el \u00fanico fin de hacer m\u00e1s eficaz la navegaci\u00f3n, desapareciendo al finalizar la sesi\u00f3n del usuario. En ning\u00fan caso, estas cookies proporcionan por s\u00ed mismos datos de car\u00e1cter personal y no se utilizar\u00e1n para la recogida de los mismos.    <\/em><\/p>\n<p style=\"text-align: justify;\"><em>Mediante el uso de cookies tambi\u00e9n es posible que el servidor en el que se encuentra la web reconozca el navegador utilizado por el usuario con el fin de que la navegaci\u00f3n sea m\u00e1s sencilla, permitiendo, por ejemplo, el acceso de los usuarios que se hayan registrado previamente en las \u00e1reas, servicios, promociones o concursos reservados exclusivamente a ellos sin tener que registrar en cada visita. Tambi\u00e9n pueden utilizarse para medir la audiencia, par\u00e1metros de tr\u00e1fico, controlar el progreso y n\u00famero de entradas, etc, siendo en estos casos cookies prescindibles t\u00e9cnicamente pero beneficiosas para el usuario. Este sitio web no se instalar\u00e1 cookies prescindibles sin el previo consentimiento del usuario.    <\/em><\/p>\n<p style=\"text-align: justify;\"><em>Este sitio web utiliza cookies _ga\/_utm propiedad de Google Analytics, persistentes durante 2 a\u00f1os, para habilitar la funci\u00f3n de control de visitas \u00fanicas para facilitar su navegaci\u00f3n. A todo usuario que visita la web se le informa del uso de estas cookies mediante un banner flotante, considerando que si continua navegando est\u00e1 de acuerdo con su uso. En caso de aceptar su uso el banner desaparecer\u00e1, aunque en todo momento podr\u00e1 revocar el consentimiento y obtener m\u00e1s informaci\u00f3n consultando nuestra Pol\u00edtica de cookies.    <\/em><\/p>\n<p style=\"text-align: justify;\"><em>El usuario tiene la posibilidad de configurar su navegador para ser alertado de la recepci\u00f3n de cookies y para impedir su instalaci\u00f3n en su equipo. Por favor, consulte las instrucciones de su navegador para ampliar esta informaci\u00f3n.   <\/em><\/p>\n<p style=\"text-align: justify;\"><em><b>Pol\u00edtica de enlaces<\/b><\/em><\/p>\n<p style=\"text-align: justify;\"><em>Desde el sitio web, es posible que se redirija a contenidos de terceros sitios web. Dado que el RESPONSABLE no puede controlar siempre los contenidos introducidos por los terceros en sus respectivos sitios web, no asume ning\u00fan tipo de responsabilidad con respecto a estos contenidos. En todo caso, proceder\u00e1 a la retirada inmediata de cualquier contenido que pudiera contravenir la legislaci\u00f3n nacional o internacional, la moral o el orden p\u00fablico, procediendo a la retirada inmediata de la redirecci\u00f3n a dicho sitio web, poniendo en conocimiento de las autoridades competentes el contenido en cuesti\u00f3n.    <\/em><\/p>\n<p style=\"text-align: justify;\"><em>RESPONSABLE no se hace responsable de la informaci\u00f3n y contenidos almacenados, a t\u00edtulo enunciativo pero no limitativo, en foros, chats, generadores de blogs, comentarios, redes sociales o cualquier otro medio que permita a terceros publicar contenidos de forma independiente en la p\u00e1gina web del RESPONSABLE. No obstante, y en cumplimiento de lo dispuesto en los art\u00edculos 11 y 16 de la LSSICE, se pone a disposici\u00f3n de todos los usuarios, autoridades y fuerzas de seguridad, colaborando de forma activa en la retirada o, en su caso, bloqueo de todos aquellos contenidos que puedan afectar o contravenir a la legislaci\u00f3n nacional o internacional, los derechos de terceros o la moral y el orden p\u00fablico. En caso de que el usuario considere que existe en el sitio web alg\u00fan contenido que pudiera ser susceptible de esta clasificaci\u00f3n, se ruega lo haga saber de forma inmediata al administrador del sitio web.    <\/em><\/p>\n<p style=\"text-align: justify;\"><em>Este sitio web ha sido revisado y probado para que funcione correctamente. En principio, puede garantizarse su correcto funcionamiento los 365 d\u00edas del a\u00f1o, 24 horas al d\u00eda. No obstante, el RESPONSABLE no descarta la posibilidad de que existan ciertos errores de programaci\u00f3n, o que se conviertan en causas de fuerza mayor, cat\u00e1strofes naturales, huelgas o circunstancias similares que hagan imposible el acceso a la p\u00e1gina web.    <\/em><\/p>\n<p style=\"text-align: justify;\"><em><b>Direcciones IP<\/b> <\/em><\/p>\n<p style=\"text-align: justify;\"><em>Los servidores del sitio web podr\u00e1n detectar de forma autom\u00e1tica la direcci\u00f3n IP y el nombre de dominio utilizados por el usuario. Una direcci\u00f3n IP es un n\u00famero asignado autom\u00e1ticamente a un ordenador cuando \u00e9ste se conecta a Internet. Toda esta informaci\u00f3n se registra en un fichero de actividad del servidor debidamente inscrito que permite el posterior procesamiento de los datos con el fin de obtener medidas \u00fanicamente estad\u00edsticas que permitan conocer el n\u00famero de impresiones de p\u00e1ginas, el n\u00famero de visitas realizadas a los servidores web, el orden de visitas, el punto de acceso, etc.    <\/em><\/p>\n<p style=\"text-align: justify;\"><em><b>4. LEY APLICABLE Y JURISDICCI\u00d3N<\/b> <\/em><\/p>\n<p style=\"text-align: justify;\"><em>Para la resoluci\u00f3n de todas las controversias o cuestiones relacionadas con el presente sitio web o de las actividades en \u00e9l desarrolladas, ser\u00e1 de aplicaci\u00f3n la legislaci\u00f3n espa\u00f1ola, a la que se someten expresamente las partes, siendo competentes para la resoluci\u00f3n de todos los conflictos derivados o relacionados con su uso los Juzgados y Tribunales m\u00e1s cercanos a Barcelona.<\/em><\/p>\n<p style=\"text-align: justify;\"><span style=\"font-size: 12px;\">Aviso legal &#8211; Versi\u00f3n 1.4 de 08\/09\/2025<\/span><\/p>\t\t\t\t\t\t\t\t<\/div>\n\t\t\t\t<\/div>\n\t\t\t\t\t<\/div>\n\t\t<\/div>\n\t\t\t\t\t<\/div>\n\t\t<\/section>\n\t\t\t\t<\/div>\n\t\t","protected":false},"excerpt":{"rendered":"<p>AVISO LEGAL LEY DE SERVICIOS DE LA SOCIEDAD DE LA INFORMACI\u00d3N (LSSI) TECNOLAWYER, SL, responsable del sitio web, en adelante ... <a title=\"Legal\" class=\"read-more\" href=\"https:\/\/tecnolawyer.com\/es\/aviso-legal\/\" aria-label=\"Leer m\u00e1s sobre Legal\">Leer m\u00e1s<\/a><\/p>\n","protected":false},"author":2,"featured_media":0,"parent":0,"menu_order":0,"comment_status":"closed","ping_status":"closed","template":"","meta":{"inline_featured_image":false,"generate_page_header":"","footnotes":""},"class_list":["post-50348","page","type-page","status-publish"],"_links":{"self":[{"href":"https:\/\/tecnolawyer.com\/es\/wp-json\/wp\/v2\/pages\/50348","targetHints":{"allow":["GET"]}}],"collection":[{"href":"https:\/\/tecnolawyer.com\/es\/wp-json\/wp\/v2\/pages"}],"about":[{"href":"https:\/\/tecnolawyer.com\/es\/wp-json\/wp\/v2\/types\/page"}],"author":[{"embeddable":true,"href":"https:\/\/tecnolawyer.com\/es\/wp-json\/wp\/v2\/users\/2"}],"replies":[{"embeddable":true,"href":"https:\/\/tecnolawyer.com\/es\/wp-json\/wp\/v2\/comments?post=50348"}],"version-history":[{"count":2,"href":"https:\/\/tecnolawyer.com\/es\/wp-json\/wp\/v2\/pages\/50348\/revisions"}],"predecessor-version":[{"id":62752,"href":"https:\/\/tecnolawyer.com\/es\/wp-json\/wp\/v2\/pages\/50348\/revisions\/62752"}],"wp:attachment":[{"href":"https:\/\/tecnolawyer.com\/es\/wp-json\/wp\/v2\/media?parent=50348"}],"curies":[{"name":"wp","href":"https:\/\/api.w.org\/{rel}","templated":true}]}}